{"id":22,"date":"2024-03-13T15:32:17","date_gmt":"2024-03-13T18:32:17","guid":{"rendered":"https:\/\/carolinascarton.eng.br\/?page_id=22"},"modified":"2024-03-15T12:15:58","modified_gmt":"2024-03-15T15:15:58","slug":"servicos","status":"publish","type":"page","link":"https:\/\/carolinascarton.eng.br\/index.php\/servicos\/","title":{"rendered":"Servi\u00e7os"},"content":{"rendered":"\t\t<div data-elementor-type=\"wp-page\" data-elementor-id=\"22\" class=\"elementor elementor-22\" data-elementor-post-type=\"page\">\n\t\t\t\t<div class=\"elementor-element elementor-element-748e6e3 e-flex e-con-boxed e-con e-parent\" data-id=\"748e6e3\" data-element_type=\"container\" data-e-type=\"container\" data-settings=\"{&quot;shape_divider_top&quot;:&quot;opacity-tilt&quot;}\">\n\t\t\t\t\t<div class=\"e-con-inner\">\n\t\t\t\t<div class=\"elementor-shape elementor-shape-top\" aria-hidden=\"true\" data-negative=\"false\">\n\t\t\t<svg xmlns=\"http:\/\/www.w3.org\/2000\/svg\" viewBox=\"0 0 2600 131.1\" preserveAspectRatio=\"none\">\n\t<path class=\"elementor-shape-fill\" d=\"M0 0L2600 0 2600 69.1 0 0z\"\/>\n\t<path class=\"elementor-shape-fill\" style=\"opacity:0.5\" d=\"M0 0L2600 0 2600 69.1 0 69.1z\"\/>\n\t<path class=\"elementor-shape-fill\" style=\"opacity:0.25\" d=\"M2600 0L0 0 0 130.1 2600 69.1z\"\/>\n<\/svg>\t\t<\/div>\n\t\t\t\t<div class=\"elementor-element elementor-element-fb8e498 elementor-headline--style-highlight elementor-widget elementor-widget-animated-headline\" data-id=\"fb8e498\" data-element_type=\"widget\" data-e-type=\"widget\" data-settings=\"{&quot;marker&quot;:&quot;curly&quot;,&quot;highlighted_text&quot;:&quot;Servi\\u00e7os&quot;,&quot;headline_style&quot;:&quot;highlight&quot;,&quot;loop&quot;:&quot;yes&quot;,&quot;highlight_animation_duration&quot;:1200,&quot;highlight_iteration_delay&quot;:8000}\" data-widget_type=\"animated-headline.default\">\n\t\t\t\t<div class=\"elementor-widget-container\">\n\t\t\t\t\t\t\t<h3 class=\"elementor-headline\">\n\t\t\t\t\t<span class=\"elementor-headline-plain-text elementor-headline-text-wrapper\">Conhe\u00e7a mais sobre meus <\/span>\n\t\t\t\t<span class=\"elementor-headline-dynamic-wrapper elementor-headline-text-wrapper\">\n\t\t\t\t\t<span class=\"elementor-headline-dynamic-text elementor-headline-text-active\">Servi\u00e7os<\/span>\n\t\t\t\t<\/span>\n\t\t\t\t<\/h3>\n\t\t\t\t\t\t<\/div>\n\t\t\t\t<\/div>\n\t\t\t\t\t<\/div>\n\t\t\t\t<\/div>\n\t\t<div class=\"elementor-element elementor-element-7a9a0e5 e-grid e-con-boxed e-con e-parent\" data-id=\"7a9a0e5\" data-element_type=\"container\" data-e-type=\"container\">\n\t\t\t\t\t<div class=\"e-con-inner\">\n\t\t\t\t<div class=\"elementor-element elementor-element-60c93d8 elementor-position-top elementor-invisible elementor-widget elementor-widget-image-box\" data-id=\"60c93d8\" data-element_type=\"widget\" data-e-type=\"widget\" data-settings=\"{&quot;_animation&quot;:&quot;fadeInUp&quot;,&quot;_animation_mobile&quot;:&quot;none&quot;,&quot;_animation_delay&quot;:100}\" data-widget_type=\"image-box.default\">\n\t\t\t\t<div class=\"elementor-widget-container\">\n\t\t\t\t\t<div class=\"elementor-image-box-wrapper\"><figure class=\"elementor-image-box-img\"><img fetchpriority=\"high\" decoding=\"async\" width=\"2048\" height=\"1209\" src=\"https:\/\/carolinascarton.eng.br\/wp-content\/uploads\/2024\/03\/engineer-meeting-architectural-project-working-with-partner1-2048x1209.jpg\" class=\"elementor-animation-grow attachment-2048x2048 size-2048x2048 wp-image-199\" alt=\"\" srcset=\"https:\/\/carolinascarton.eng.br\/wp-content\/uploads\/2024\/03\/engineer-meeting-architectural-project-working-with-partner1-2048x1209.jpg 2048w, https:\/\/carolinascarton.eng.br\/wp-content\/uploads\/2024\/03\/engineer-meeting-architectural-project-working-with-partner1-300x177.jpg 300w, https:\/\/carolinascarton.eng.br\/wp-content\/uploads\/2024\/03\/engineer-meeting-architectural-project-working-with-partner1-1024x604.jpg 1024w, https:\/\/carolinascarton.eng.br\/wp-content\/uploads\/2024\/03\/engineer-meeting-architectural-project-working-with-partner1-768x453.jpg 768w, https:\/\/carolinascarton.eng.br\/wp-content\/uploads\/2024\/03\/engineer-meeting-architectural-project-working-with-partner1-1536x907.jpg 1536w\" sizes=\"(max-width: 2048px) 100vw, 2048px\" \/><\/figure><div class=\"elementor-image-box-content\"><h3 class=\"elementor-image-box-title\">Elabora\u00e7\u00e3o de Processo T\u00e9cnico<\/h3><p class=\"elementor-image-box-description\">Elabora\u00e7\u00e3o de Processo de Seguran\u00e7a Contra Inc\u00eandio e P\u00e2nico, em qualquer modalidade. S\u00e3o elas: <br> 1\u00ba Processo T\u00e9cnico - Para empresas\/edifica\u00e7\u00f5es que ainda n\u00e3o possuem PSCIP, por\u00e9m o Corpo de Bombeiros exige para tal;  <br>\nAtualiza\u00e7\u00e3o de PSCIP com ou sem acr\u00e9scimo de \u00e1rea - Para empresas\/edifica\u00e7\u00f5es que j\u00e1 possuem PSCIP, mas h\u00e1 uma necessidade de atualiza\u00e7\u00e3o deste processo; <br>\nSubstitui\u00e7\u00e3o de PSCIP - Para empresas\/edifica\u00e7\u00f5es que precisam realizar uma substitui\u00e7\u00e3o do PSCIP aprovado no Corpo de Bombeiros; <br>\nProcesso T\u00e9cnico Tempor\u00e1rio (PTET) - Para eventos que necessitam de PSCIP aprovado no Corpo de Bombeiros para sua realiza\u00e7\u00e3o.<\/p><\/div><\/div>\t\t\t\t<\/div>\n\t\t\t\t<\/div>\n\t\t\t\t<div class=\"elementor-element elementor-element-e83dab4 elementor-position-top elementor-invisible elementor-widget elementor-widget-image-box\" data-id=\"e83dab4\" data-element_type=\"widget\" data-e-type=\"widget\" data-settings=\"{&quot;_animation&quot;:&quot;fadeInUp&quot;,&quot;_animation_mobile&quot;:&quot;none&quot;,&quot;_animation_delay&quot;:200}\" data-widget_type=\"image-box.default\">\n\t\t\t\t<div class=\"elementor-widget-container\">\n\t\t\t\t\t<div class=\"elementor-image-box-wrapper\"><figure class=\"elementor-image-box-img\"><img decoding=\"async\" width=\"2048\" height=\"1199\" src=\"https:\/\/carolinascarton.eng.br\/wp-content\/uploads\/2024\/03\/business-people-shaking-hands-meeting-room-2048x1199.jpg\" class=\"elementor-animation-grow attachment-2048x2048 size-2048x2048 wp-image-162\" alt=\"\" \/><\/figure><div class=\"elementor-image-box-content\"><h3 class=\"elementor-image-box-title\">Assessoria Especializada<\/h3><p class=\"elementor-image-box-description\">Realiza\u00e7\u00e3o de assessoria especializada para todos os assuntos pertinentes a engenharia de seguran\u00e7a contra inc\u00eandios. Alguns exemplos s\u00e3o: <br>\nVistoria T\u00e9cnica - Acompanhamento e consultoria para a realiza\u00e7\u00e3o de vistoria t\u00e9cnica do Corpo de Bombeiros; <br>\nProcedimento Simplificado - Assessoria para realizar a retirada do Certificado de Seguran\u00e7a Contra Inc\u00eandio e P\u00e2nico, para aquelas empresas que n\u00e3o necessitam de PSCIP; <br>\nJustificativa T\u00e9cnica - Para eventos em edifica\u00e7\u00f5es j\u00e1 com Alvar\u00e1 do Corpo de Bombeiros que n\u00e3o necessitam de PTET; <br>\nE muito mais. A \u00e1rea de seguran\u00e7a contra inc\u00eandios evolui a cada ano. Portanto, um bom profissional da \u00e1rea far\u00e1 toda a diferen\u00e7a para sua empresa.<\/p><\/div><\/div>\t\t\t\t<\/div>\n\t\t\t\t<\/div>\n\t\t\t\t\t<\/div>\n\t\t\t\t<\/div>\n\t\t<div class=\"elementor-element elementor-element-c273f64 e-flex e-con-boxed e-con e-parent\" data-id=\"c273f64\" data-element_type=\"container\" data-e-type=\"container\" data-settings=\"{&quot;shape_divider_bottom&quot;:&quot;opacity-tilt&quot;}\">\n\t\t\t\t\t<div class=\"e-con-inner\">\n\t\t\t\t<div class=\"elementor-shape elementor-shape-bottom\" aria-hidden=\"true\" data-negative=\"false\">\n\t\t\t<svg xmlns=\"http:\/\/www.w3.org\/2000\/svg\" viewBox=\"0 0 2600 131.1\" preserveAspectRatio=\"none\">\n\t<path class=\"elementor-shape-fill\" d=\"M0 0L2600 0 2600 69.1 0 0z\"\/>\n\t<path class=\"elementor-shape-fill\" style=\"opacity:0.5\" d=\"M0 0L2600 0 2600 69.1 0 69.1z\"\/>\n\t<path class=\"elementor-shape-fill\" style=\"opacity:0.25\" d=\"M2600 0L0 0 0 130.1 2600 69.1z\"\/>\n<\/svg>\t\t<\/div>\n\t\t\t\t<div class=\"elementor-element elementor-element-aa88515 elementor-button-info elementor-invisible elementor-widget elementor-widget-button\" data-id=\"aa88515\" data-element_type=\"widget\" data-e-type=\"widget\" data-settings=\"{&quot;_animation&quot;:&quot;bounceIn&quot;}\" data-widget_type=\"button.default\">\n\t\t\t\t<div class=\"elementor-widget-container\">\n\t\t\t\t\t\t\t\t\t<div class=\"elementor-button-wrapper\">\n\t\t\t\t\t<a class=\"elementor-button elementor-button-link elementor-size-sm elementor-animation-grow\" href=\"https:\/\/w.app\/CorpodeBombeirosMilitardeMatoGrosso\" target=\"_blank\" rel=\"nofollow\">\n\t\t\t\t\t\t<span class=\"elementor-button-content-wrapper\">\n\t\t\t\t\t\t\t\t\t<span class=\"elementor-button-text\">Fale com a especialista<\/span>\n\t\t\t\t\t<\/span>\n\t\t\t\t\t<\/a>\n\t\t\t\t<\/div>\n\t\t\t\t\t\t\t\t<\/div>\n\t\t\t\t<\/div>\n\t\t\t\t\t<\/div>\n\t\t\t\t<\/div>\n\t\t\t\t<\/div>\n\t\t","protected":false},"excerpt":{"rendered":"<p>Conhe\u00e7a mais sobre meus Servi\u00e7os Elabora\u00e7\u00e3o de Processo T\u00e9cnico Elabora\u00e7\u00e3o de Processo de Seguran\u00e7a Contra Inc\u00eandio e P\u00e2nico, em qualquer modalidade. S\u00e3o elas: 1\u00ba Processo T\u00e9cnico &#8211; Para empresas\/edifica\u00e7\u00f5es que ainda n\u00e3o possuem PSCIP, por\u00e9m o Corpo de Bombeiros exige para tal; Atualiza\u00e7\u00e3o de PSCIP com ou sem acr\u00e9scimo de \u00e1rea &#8211; Para empresas\/edifica\u00e7\u00f5es que [&hellip;]<\/p>\n","protected":false},"author":1,"featured_media":0,"parent":0,"menu_order":0,"comment_status":"closed","ping_status":"closed","template":"elementor_header_footer","meta":{"footnotes":""},"class_list":["post-22","page","type-page","status-publish","hentry"],"_links":{"self":[{"href":"https:\/\/carolinascarton.eng.br\/index.php\/wp-json\/wp\/v2\/pages\/22","targetHints":{"allow":["GET"]}}],"collection":[{"href":"https:\/\/carolinascarton.eng.br\/index.php\/wp-json\/wp\/v2\/pages"}],"about":[{"href":"https:\/\/carolinascarton.eng.br\/index.php\/wp-json\/wp\/v2\/types\/page"}],"author":[{"embeddable":true,"href":"https:\/\/carolinascarton.eng.br\/index.php\/wp-json\/wp\/v2\/users\/1"}],"replies":[{"embeddable":true,"href":"https:\/\/carolinascarton.eng.br\/index.php\/wp-json\/wp\/v2\/comments?post=22"}],"version-history":[{"count":0,"href":"https:\/\/carolinascarton.eng.br\/index.php\/wp-json\/wp\/v2\/pages\/22\/revisions"}],"wp:attachment":[{"href":"https:\/\/carolinascarton.eng.br\/index.php\/wp-json\/wp\/v2\/media?parent=22"}],"curies":[{"name":"wp","href":"https:\/\/api.w.org\/{rel}","templated":true}]}}